{"id":9,"date":"2019-02-26T10:16:58","date_gmt":"2019-02-26T13:16:58","guid":{"rendered":"http:\/\/cartorioayache.com.br\/digital\/\/?page_id=9"},"modified":"2019-07-19T18:27:40","modified_gmt":"2019-07-19T21:27:40","slug":"pagina-inicial","status":"publish","type":"page","link":"https:\/\/cartorioayache.com.br\/digital\/","title":{"rendered":"P\u00e1gina Inicial"},"content":{"rendered":"","protected":false},"excerpt":{"rendered":"","protected":false},"author":1,"featured_media":20,"parent":0,"menu_order":0,"comment_status":"closed","ping_status":"closed","template":"","meta":{"footnotes":""},"class_list":["post-9","page","type-page","status-publish","has-post-thumbnail","hentry"],"yoast_head":"<!-- This site is optimized with the Yoast SEO plugin v24.9 - https:\/\/yoast.com\/wordpress\/plugins\/seo\/ -->\n<title>Cart\u00f3rio Ayache Digital - Solicite Atos Notariais Online<\/title>\n<meta name=\"description\" content=\"O sistema Cart\u00f3rio Ayache Digital permite que os clientes fa\u00e7am solicita\u00e7\u00f5es de escrituras e procura\u00e7\u00f5es online de maneira f\u00e1cil e r\u00e1pida.\" \/>\n<meta name=\"robots\" content=\"index, follow, max-snippet:-1, max-image-preview:large, max-video-preview:-1\" \/>\n<link rel=\"canonical\" href=\"https:\/\/cartorioayache.com.br\/digital\/\" \/>\n<meta property=\"og:locale\" content=\"pt_BR\" \/>\n<meta property=\"og:type\" content=\"article\" \/>\n<meta property=\"og:title\" content=\"Cart\u00f3rio Ayache Digital - Solicite Atos Notariais Online\" \/>\n<meta property=\"og:description\" content=\"O sistema Cart\u00f3rio Ayache Digital permite que os clientes fa\u00e7am solicita\u00e7\u00f5es de escrituras e procura\u00e7\u00f5es online de maneira f\u00e1cil e r\u00e1pida.\" \/>\n<meta property=\"og:url\" content=\"https:\/\/cartorioayache.com.br\/digital\/\" \/>\n<meta property=\"og:site_name\" content=\"Ayache Digital\" \/>\n<meta property=\"article:modified_time\" content=\"2019-07-19T21:27:40+00:00\" \/>\n<meta property=\"og:image\" content=\"https:\/\/cartorioayache.com.br\/digital\/wp-content\/uploads\/2019\/02\/home.jpg\" \/>\n\t<meta property=\"og:image:width\" content=\"1920\" \/>\n\t<meta property=\"og:image:height\" content=\"1080\" \/>\n\t<meta property=\"og:image:type\" content=\"image\/jpeg\" \/>\n<meta name=\"twitter:card\" content=\"summary_large_image\" \/>\n<script type=\"application\/ld+json\" class=\"yoast-schema-graph\">{\"@context\":\"https:\/\/schema.org\",\"@graph\":[{\"@type\":\"WebPage\",\"@id\":\"https:\/\/cartorioayache.com.br\/digital\/\",\"url\":\"https:\/\/cartorioayache.com.br\/digital\/\",\"name\":\"Cart\u00f3rio Ayache Digital - Solicite Atos Notariais Online\",\"isPartOf\":{\"@id\":\"https:\/\/cartorioayache.com.br\/digital\/#website\"},\"primaryImageOfPage\":{\"@id\":\"https:\/\/cartorioayache.com.br\/digital\/#primaryimage\"},\"image\":{\"@id\":\"https:\/\/cartorioayache.com.br\/digital\/#primaryimage\"},\"thumbnailUrl\":\"https:\/\/cartorioayache.com.br\/digital\/wp-content\/uploads\/2019\/02\/home.jpg\",\"datePublished\":\"2019-02-26T13:16:58+00:00\",\"dateModified\":\"2019-07-19T21:27:40+00:00\",\"description\":\"O sistema Cart\u00f3rio Ayache Digital permite que os clientes fa\u00e7am solicita\u00e7\u00f5es de escrituras e procura\u00e7\u00f5es online de maneira f\u00e1cil e r\u00e1pida.\",\"breadcrumb\":{\"@id\":\"https:\/\/cartorioayache.com.br\/digital\/#breadcrumb\"},\"inLanguage\":\"pt-BR\",\"potentialAction\":[{\"@type\":\"ReadAction\",\"target\":[\"https:\/\/cartorioayache.com.br\/digital\/\"]}]},{\"@type\":\"ImageObject\",\"inLanguage\":\"pt-BR\",\"@id\":\"https:\/\/cartorioayache.com.br\/digital\/#primaryimage\",\"url\":\"https:\/\/cartorioayache.com.br\/digital\/wp-content\/uploads\/2019\/02\/home.jpg\",\"contentUrl\":\"https:\/\/cartorioayache.com.br\/digital\/wp-content\/uploads\/2019\/02\/home.jpg\",\"width\":1920,\"height\":1080},{\"@type\":\"BreadcrumbList\",\"@id\":\"https:\/\/cartorioayache.com.br\/digital\/#breadcrumb\",\"itemListElement\":[{\"@type\":\"ListItem\",\"position\":1,\"name\":\"Home\",\"item\":\"https:\/\/cartorioayache.com.br\/digital\/\"},{\"@type\":\"ListItem\",\"position\":2,\"name\":\"P\u00e1gina Inicial\"}]},{\"@type\":\"WebSite\",\"@id\":\"https:\/\/cartorioayache.com.br\/digital\/#website\",\"url\":\"https:\/\/cartorioayache.com.br\/digital\/\",\"name\":\"Ayache Digital\",\"description\":\"\",\"potentialAction\":[{\"@type\":\"SearchAction\",\"target\":{\"@type\":\"EntryPoint\",\"urlTemplate\":\"https:\/\/cartorioayache.com.br\/digital\/?s={search_term_string}\"},\"query-input\":{\"@type\":\"PropertyValueSpecification\",\"valueRequired\":true,\"valueName\":\"search_term_string\"}}],\"inLanguage\":\"pt-BR\"}]}<\/script>\n<!-- \/ Yoast SEO plugin. -->","yoast_head_json":{"title":"Cart\u00f3rio Ayache Digital - Solicite Atos Notariais Online","description":"O sistema Cart\u00f3rio Ayache Digital permite que os clientes fa\u00e7am solicita\u00e7\u00f5es de escrituras e procura\u00e7\u00f5es online de maneira f\u00e1cil e r\u00e1pida.","robots":{"index":"index","follow":"follow","max-snippet":"max-snippet:-1","max-image-preview":"max-image-preview:large","max-video-preview":"max-video-preview:-1"},"canonical":"https:\/\/cartorioayache.com.br\/digital\/","og_locale":"pt_BR","og_type":"article","og_title":"Cart\u00f3rio Ayache Digital - Solicite Atos Notariais Online","og_description":"O sistema Cart\u00f3rio Ayache Digital permite que os clientes fa\u00e7am solicita\u00e7\u00f5es de escrituras e procura\u00e7\u00f5es online de maneira f\u00e1cil e r\u00e1pida.","og_url":"https:\/\/cartorioayache.com.br\/digital\/","og_site_name":"Ayache Digital","article_modified_time":"2019-07-19T21:27:40+00:00","og_image":[{"width":1920,"height":1080,"url":"https:\/\/cartorioayache.com.br\/digital\/wp-content\/uploads\/2019\/02\/home.jpg","type":"image\/jpeg"}],"twitter_card":"summary_large_image","schema":{"@context":"https:\/\/schema.org","@graph":[{"@type":"WebPage","@id":"https:\/\/cartorioayache.com.br\/digital\/","url":"https:\/\/cartorioayache.com.br\/digital\/","name":"Cart\u00f3rio Ayache Digital - Solicite Atos Notariais Online","isPartOf":{"@id":"https:\/\/cartorioayache.com.br\/digital\/#website"},"primaryImageOfPage":{"@id":"https:\/\/cartorioayache.com.br\/digital\/#primaryimage"},"image":{"@id":"https:\/\/cartorioayache.com.br\/digital\/#primaryimage"},"thumbnailUrl":"https:\/\/cartorioayache.com.br\/digital\/wp-content\/uploads\/2019\/02\/home.jpg","datePublished":"2019-02-26T13:16:58+00:00","dateModified":"2019-07-19T21:27:40+00:00","description":"O sistema Cart\u00f3rio Ayache Digital permite que os clientes fa\u00e7am solicita\u00e7\u00f5es de escrituras e procura\u00e7\u00f5es online de maneira f\u00e1cil e r\u00e1pida.","breadcrumb":{"@id":"https:\/\/cartorioayache.com.br\/digital\/#breadcrumb"},"inLanguage":"pt-BR","potentialAction":[{"@type":"ReadAction","target":["https:\/\/cartorioayache.com.br\/digital\/"]}]},{"@type":"ImageObject","inLanguage":"pt-BR","@id":"https:\/\/cartorioayache.com.br\/digital\/#primaryimage","url":"https:\/\/cartorioayache.com.br\/digital\/wp-content\/uploads\/2019\/02\/home.jpg","contentUrl":"https:\/\/cartorioayache.com.br\/digital\/wp-content\/uploads\/2019\/02\/home.jpg","width":1920,"height":1080},{"@type":"BreadcrumbList","@id":"https:\/\/cartorioayache.com.br\/digital\/#breadcrumb","itemListElement":[{"@type":"ListItem","position":1,"name":"Home","item":"https:\/\/cartorioayache.com.br\/digital\/"},{"@type":"ListItem","position":2,"name":"P\u00e1gina Inicial"}]},{"@type":"WebSite","@id":"https:\/\/cartorioayache.com.br\/digital\/#website","url":"https:\/\/cartorioayache.com.br\/digital\/","name":"Ayache Digital","description":"","potentialAction":[{"@type":"SearchAction","target":{"@type":"EntryPoint","urlTemplate":"https:\/\/cartorioayache.com.br\/digital\/?s={search_term_string}"},"query-input":{"@type":"PropertyValueSpecification","valueRequired":true,"valueName":"search_term_string"}}],"inLanguage":"pt-BR"}]}},"_links":{"self":[{"href":"https:\/\/cartorioayache.com.br\/digital\/wp-json\/wp\/v2\/pages\/9","targetHints":{"allow":["GET"]}}],"collection":[{"href":"https:\/\/cartorioayache.com.br\/digital\/wp-json\/wp\/v2\/pages"}],"about":[{"href":"https:\/\/cartorioayache.com.br\/digital\/wp-json\/wp\/v2\/types\/page"}],"author":[{"embeddable":true,"href":"https:\/\/cartorioayache.com.br\/digital\/wp-json\/wp\/v2\/users\/1"}],"replies":[{"embeddable":true,"href":"https:\/\/cartorioayache.com.br\/digital\/wp-json\/wp\/v2\/comments?post=9"}],"version-history":[{"count":1,"href":"https:\/\/cartorioayache.com.br\/digital\/wp-json\/wp\/v2\/pages\/9\/revisions"}],"predecessor-version":[{"id":10,"href":"https:\/\/cartorioayache.com.br\/digital\/wp-json\/wp\/v2\/pages\/9\/revisions\/10"}],"wp:featuredmedia":[{"embeddable":true,"href":"https:\/\/cartorioayache.com.br\/digital\/wp-json\/wp\/v2\/media\/20"}],"wp:attachment":[{"href":"https:\/\/cartorioayache.com.br\/digital\/wp-json\/wp\/v2\/media?parent=9"}],"curies":[{"name":"wp","href":"https:\/\/api.w.org\/{rel}","templated":true}]}}